{"id":6132,"date":"2015-11-30T21:09:50","date_gmt":"2015-11-30T20:09:50","guid":{"rendered":"http:\/\/www.crazybird.net\/?page_id=6132"},"modified":"2015-11-30T21:09:50","modified_gmt":"2015-11-30T20:09:50","slug":"hit-it-off-menschen-kennenlernen","status":"publish","type":"page","link":"https:\/\/www.crazybird.net\/?page_id=6132","title":{"rendered":"\u201eHit it off\u201c*  &#8211; Menschen kennenlernen"},"content":{"rendered":"<p align=\"center\"><span style=\"font-family: Liberation Sans,sans-serif;\"><span style=\"font-size: large;\"><b>Idee f\u00fcr eine <\/b><b>Plattform <\/b><span style=\"color: #000000;\"><span lang=\"de-DE\"><b>f\u00fcr beidseitige Integration<\/b><\/span><\/span><\/span><\/span><\/p>\n<p><span style=\"font-size: medium;\"><i>*to \u201ehit it off\u201c &#8211; englisch f\u00fcr \u201esich gut verstehen\u201c<\/i><\/span><\/p>\n<p>Seit einigen Jahren fliehen verst\u00e4rkt Menschen aus aller Welt vor Krieg, Gewalt, Terror oder Hunger in die westliche Welt, vor allem nach Europa. Allein im Jahr 2015 k\u00f6nnten es bis zu einer Million Menschen sein, die in Europa um Asyl ansuchen werden.<\/p>\n<p>\u201eWir schaffen das\u201c ist das Motto, dass die deutsche Bundeskanzlerin Merkel ausgegeben hat. Tats\u00e4chlich k\u00f6nnen wir es schaffen, mit den Menschen, die gekommen sind und die noch kommen werden, zusammen zu leben.<\/p>\n<p>Doch dazu ist von beiden Seiten Einsatz notwendig \u2013 und das Projekt mit dem Arbeitstitel \u201ehit it off\u201c k\u00f6nnte hierf\u00fcr eine Beitrag leisten.<\/p>\n<p>Die Idee: Wir schaffen eine Online-Plattform, auf der sich Autochthone, Menschen mit Migrationshintergrund, AsylwerberInnen und Asylberechtigte kennenlernen und miteinander vernetzen k\u00f6nnen.<\/p>\n<p>Wie bei einer Online- Partnerb\u00f6rse melden sich dort sowohl \u00d6sterreicherInnen als auch Gefl\u00fcchtete, die Kontakt zu den jeweils anderen kn\u00fcpfen wollen an. Dabei k\u00f6nnen sie beispielsweise ein Foto von sich hochladen und angeben, welche Interessen sie haben und was f\u00fcr eine Form von Kontakt sie sich w\u00fcnschen: beispielsweise gemeinsame Gespr\u00e4che, Hilfe beim Deutschlernen oder bei Beh\u00f6rdenwegen.<\/p>\n<p>Hauptziel der Plattform sollte sein, m\u00f6glichst einfach miteinander in Kontakt treten zu k\u00f6nnen. Zugang sollten nur registrierte und verifizierte Benutzer haben, um St\u00f6rungen durch Hetze und Trolle zu minimieren.<\/p>\n<p>Download <a href=\"http:\/\/www.crazybird.net\/wp-content\/uploads\/2014\/05\/hititoff-plattform.pdf\" rel=\"attachment wp-att-6136\">als PDF<\/a> | <a href=\"http:\/\/www.crazybird.net\/?attachment_id=6135\" rel=\"http:\/\/www.crazybird.net\/wp-content\/uploads\/2014\/05\/hititoff-plattform.odt\">als ODT (OpenOffice Text)<\/a><\/p>\n","protected":false},"excerpt":{"rendered":"<p>Idee f\u00fcr eine Plattform f\u00fcr beidseitige Integration *to \u201ehit it off\u201c &#8211; englisch f\u00fcr \u201esich gut verstehen\u201c Seit einigen Jahren fliehen verst\u00e4rkt Menschen aus aller Welt vor Krieg, Gewalt, Terror oder Hunger in die westliche Welt, vor allem nach Europa. Allein im Jahr 2015 k\u00f6nnten es bis zu einer Million Menschen sein, die in Europa [&hellip;]<\/p>\n","protected":false},"author":1,"featured_media":0,"parent":6143,"menu_order":0,"comment_status":"closed","ping_status":"closed","template":"","meta":{"footnotes":""},"class_list":["post-6132","page","type-page","status-publish","hentry"],"_links":{"self":[{"href":"https:\/\/www.crazybird.net\/index.php?rest_route=\/wp\/v2\/pages\/6132","targetHints":{"allow":["GET"]}}],"collection":[{"href":"https:\/\/www.crazybird.net\/index.php?rest_route=\/wp\/v2\/pages"}],"about":[{"href":"https:\/\/www.crazybird.net\/index.php?rest_route=\/wp\/v2\/types\/page"}],"author":[{"embeddable":true,"href":"https:\/\/www.crazybird.net\/index.php?rest_route=\/wp\/v2\/users\/1"}],"replies":[{"embeddable":true,"href":"https:\/\/www.crazybird.net\/index.php?rest_route=%2Fwp%2Fv2%2Fcomments&post=6132"}],"version-history":[{"count":0,"href":"https:\/\/www.crazybird.net\/index.php?rest_route=\/wp\/v2\/pages\/6132\/revisions"}],"up":[{"embeddable":true,"href":"https:\/\/www.crazybird.net\/index.php?rest_route=\/wp\/v2\/pages\/6143"}],"wp:attachment":[{"href":"https:\/\/www.crazybird.net\/index.php?rest_route=%2Fwp%2Fv2%2Fmedia&parent=6132"}],"curies":[{"name":"wp","href":"https:\/\/api.w.org\/{rel}","templated":true}]}}