{"id":478,"date":"2011-05-17T23:02:35","date_gmt":"2011-05-17T21:02:35","guid":{"rendered":"http:\/\/www.crazybird.net\/?page_id=478"},"modified":"2011-05-17T23:02:35","modified_gmt":"2011-05-17T21:02:35","slug":"fackelzug-2010-2","status":"publish","type":"page","link":"https:\/\/www.crazybird.net\/?page_id=478","title":{"rendered":"Fackelzug 2010"},"content":{"rendered":"<p><!--FBGallery 3607846161559499303 --><!-- ID 3607846161559499303 Last fetched on 05\/17\/2011 21:03:04 v1.2.9--><br \/>\n&#8222;The traditional &#8222;Fackelzug&#8220; (torchlight  procession) of the Vienniese Socialist Youth in 2010&#8243;<\/p>\n<p>From <a href=\"http:\/\/www.facebook.com\/album.php?aid=176679&amp;id=840017144\">Fackelzug 2010<\/a>, posted by <a href=\"http:\/\/www.facebook.com\/TheRealCrazyBird\">Stefan Mackovik<\/a> on 5\/04\/2010 (33 items)<\/p>\n<div class='gallery'>\n<dl class='gallery-item' style=\"width:24.875%\">\n<dt class='gallery-icon'><a class=\"fbPhoto\" href=\"https:\/\/fbcdn-sphotos-a.akamaihd.net\/hphotos-ak-snc3\/29930_409676577144_840017144_4032354_3084779_n.jpg\" title=\" \" ><img decoding=\"async\" src=\"https:\/\/fbcdn-photos-a.akamaihd.net\/hphotos-ak-snc3\/29930_409676577144_840017144_4032354_3084779_s.jpg\" alt=\"\" \/><\/a><\/dt>\n<dd class='gallery-caption'><\/dd>\n<\/dl>\n<dl class='gallery-item' style=\"width:24.875%\">\n<dt class='gallery-icon'><a class=\"fbPhoto\" href=\"https:\/\/fbcdn-sphotos-a.akamaihd.net\/hphotos-ak-snc3\/29930_409676682144_840017144_4032370_8222811_n.jpg\" title=\"Umverteilung jetzt! Die reichen m\u00fcssen endlich blechen - die SP\u00d6 Linke war auch da. Hoffetlich h\u00f6rt sie endlich mal jemand... \" ><img decoding=\"async\" src=\"https:\/\/fbcdn-photos-a.akamaihd.net\/hphotos-ak-snc3\/29930_409676682144_840017144_4032370_8222811_s.jpg\" alt=\"\" \/><\/a><\/dt>\n<dd class='gallery-caption'>Umverteilung jetzt! Die reichen m\u00fcssen endlich blechen &#8211; die SP\u00d6 Linke war auch da&#8230;.<\/dd>\n<\/dl>\n<dl class='gallery-item' style=\"width:24.875%\">\n<dt class='gallery-icon'><a class=\"fbPhoto\" href=\"https:\/\/fbcdn-sphotos-a.akamaihd.net\/hphotos-ak-snc3\/29930_409676792144_840017144_4032390_1343347_n.jpg\" title=\" \" ><img decoding=\"async\" src=\"https:\/\/fbcdn-photos-a.akamaihd.net\/hphotos-ak-snc3\/29930_409676792144_840017144_4032390_1343347_s.jpg\" alt=\"\" \/><\/a><\/dt>\n<dd class='gallery-caption'><\/dd>\n<\/dl>\n<dl class='gallery-item' style=\"width:24.875%\">\n<dt class='gallery-icon'><a class=\"fbPhoto\" href=\"https:\/\/fbcdn-sphotos-a.akamaihd.net\/hphotos-ak-snc3\/29930_409676972144_840017144_4032416_7674773_n.jpg\" title=\"Demo- Grundusstattung: Fackel und Bier ;) \" ><img decoding=\"async\" src=\"https:\/\/fbcdn-photos-a.akamaihd.net\/hphotos-ak-snc3\/29930_409676972144_840017144_4032416_7674773_s.jpg\" alt=\"\" \/><\/a><\/dt>\n<dd class='gallery-caption'>Demo- Grundusstattung: Fackel und Bier \ud83d\ude09<\/dd>\n<\/dl>\n<p><br style=\"clear: both\" \/><\/p>\n<dl class='gallery-item' style=\"width:24.875%\">\n<dt class='gallery-icon'><a class=\"fbPhoto\" href=\"https:\/\/fbcdn-sphotos-a.akamaihd.net\/hphotos-ak-snc3\/29930_409677097144_840017144_4032436_7195559_n.jpg\" title=\"Romantisch ;) \" ><img decoding=\"async\" src=\"https:\/\/fbcdn-photos-a.akamaihd.net\/hphotos-ak-snc3\/29930_409677097144_840017144_4032436_7195559_s.jpg\" alt=\"\" \/><\/a><\/dt>\n<dd class='gallery-caption'>Romantisch \ud83d\ude09<\/dd>\n<\/dl>\n<dl class='gallery-item' style=\"width:24.875%\">\n<dt class='gallery-icon'><a class=\"fbPhoto\" href=\"https:\/\/fbcdn-sphotos-a.akamaihd.net\/hphotos-ak-snc3\/29930_409677187144_840017144_4032448_3096889_n.jpg\" title=\"fackelzug2010-6 \" ><img decoding=\"async\" src=\"https:\/\/fbcdn-photos-a.akamaihd.net\/hphotos-ak-snc3\/29930_409677187144_840017144_4032448_3096889_s.jpg\" alt=\"\" \/><\/a><\/dt>\n<dd class='gallery-caption'>fackelzug2010-6<\/dd>\n<\/dl>\n<dl class='gallery-item' style=\"width:24.875%\">\n<dt class='gallery-icon'><a class=\"fbPhoto\" href=\"https:\/\/fbcdn-sphotos-a.akamaihd.net\/hphotos-ak-snc3\/29930_409677257144_840017144_4032456_5753097_n.jpg\" title=\"fackelzug2010-7 \" ><img decoding=\"async\" src=\"https:\/\/fbcdn-photos-a.akamaihd.net\/hphotos-ak-snc3\/29930_409677257144_840017144_4032456_5753097_s.jpg\" alt=\"\" \/><\/a><\/dt>\n<dd class='gallery-caption'>fackelzug2010-7<\/dd>\n<\/dl>\n<dl class='gallery-item' style=\"width:24.875%\">\n<dt class='gallery-icon'><a class=\"fbPhoto\" href=\"https:\/\/fbcdn-sphotos-a.akamaihd.net\/hphotos-ak-ash1\/29930_409677307144_840017144_4032461_7644336_n.jpg\" title=\"Am Brunnen vor der Oooper.... \" ><img decoding=\"async\" src=\"https:\/\/fbcdn-photos-a.akamaihd.net\/hphotos-ak-ash1\/29930_409677307144_840017144_4032461_7644336_s.jpg\" alt=\"\" \/><\/a><\/dt>\n<dd class='gallery-caption'>Am Brunnen vor der Oooper&#8230;.<\/dd>\n<\/dl>\n<p><br style=\"clear: both\" \/><\/p>\n<dl class='gallery-item' style=\"width:24.875%\">\n<dt class='gallery-icon'><a class=\"fbPhoto\" href=\"https:\/\/fbcdn-sphotos-a.akamaihd.net\/hphotos-ak-snc3\/29930_409677327144_840017144_4032462_1290875_n.jpg\" title=\" \" ><img decoding=\"async\" src=\"https:\/\/fbcdn-photos-a.akamaihd.net\/hphotos-ak-snc3\/29930_409677327144_840017144_4032462_1290875_s.jpg\" alt=\"\" \/><\/a><\/dt>\n<dd class='gallery-caption'><\/dd>\n<\/dl>\n<dl class='gallery-item' style=\"width:24.875%\">\n<dt class='gallery-icon'><a class=\"fbPhoto\" href=\"https:\/\/fbcdn-sphotos-a.akamaihd.net\/hphotos-ak-ash1\/29930_409677342144_840017144_4032463_2541115_n.jpg\" title=\" \" ><img decoding=\"async\" src=\"https:\/\/fbcdn-photos-a.akamaihd.net\/hphotos-ak-ash1\/29930_409677342144_840017144_4032463_2541115_s.jpg\" alt=\"\" \/><\/a><\/dt>\n<dd class='gallery-caption'><\/dd>\n<\/dl>\n<dl class='gallery-item' style=\"width:24.875%\">\n<dt class='gallery-icon'><a class=\"fbPhoto\" href=\"https:\/\/fbcdn-sphotos-a.akamaihd.net\/hphotos-ak-snc3\/29930_409677362144_840017144_4032464_7141474_n.jpg\" title=\"fackelzug2010-11 \" ><img decoding=\"async\" src=\"https:\/\/fbcdn-photos-a.akamaihd.net\/hphotos-ak-snc3\/29930_409677362144_840017144_4032464_7141474_s.jpg\" alt=\"\" \/><\/a><\/dt>\n<dd class='gallery-caption'>fackelzug2010-11<\/dd>\n<\/dl>\n<dl class='gallery-item' style=\"width:24.875%\">\n<dt class='gallery-icon'><a class=\"fbPhoto\" href=\"https:\/\/fbcdn-sphotos-a.akamaihd.net\/hphotos-ak-snc3\/29930_409677377144_840017144_4032465_2078685_n.jpg\" title=\"Der Hai war mit dabei. \" ><img decoding=\"async\" src=\"https:\/\/fbcdn-photos-a.akamaihd.net\/hphotos-ak-snc3\/29930_409677377144_840017144_4032465_2078685_s.jpg\" alt=\"\" \/><\/a><\/dt>\n<dd class='gallery-caption'>Der Hai war mit dabei.<\/dd>\n<\/dl>\n<p><br style=\"clear: both\" \/><\/p>\n<dl class='gallery-item' style=\"width:24.875%\">\n<dt class='gallery-icon'><a class=\"fbPhoto\" href=\"https:\/\/fbcdn-sphotos-a.akamaihd.net\/hphotos-ak-snc3\/29930_409677392144_840017144_4032466_4132927_n.jpg\" title=\" \" ><img decoding=\"async\" src=\"https:\/\/fbcdn-photos-a.akamaihd.net\/hphotos-ak-snc3\/29930_409677392144_840017144_4032466_4132927_s.jpg\" alt=\"\" \/><\/a><\/dt>\n<dd class='gallery-caption'><\/dd>\n<\/dl>\n<dl class='gallery-item' style=\"width:24.875%\">\n<dt class='gallery-icon'><a class=\"fbPhoto\" href=\"https:\/\/fbcdn-sphotos-a.akamaihd.net\/hphotos-ak-snc3\/29930_409677412144_840017144_4032467_4021103_n.jpg\" title=\" \" ><img decoding=\"async\" src=\"https:\/\/fbcdn-photos-a.akamaihd.net\/hphotos-ak-snc3\/29930_409677412144_840017144_4032467_4021103_s.jpg\" alt=\"\" \/><\/a><\/dt>\n<dd class='gallery-caption'><\/dd>\n<\/dl>\n<dl class='gallery-item' style=\"width:24.875%\">\n<dt class='gallery-icon'><a class=\"fbPhoto\" href=\"https:\/\/fbcdn-sphotos-a.akamaihd.net\/hphotos-ak-snc3\/29930_409677442144_840017144_4032468_3118986_n.jpg\" title=\" \" ><img decoding=\"async\" src=\"https:\/\/fbcdn-photos-a.akamaihd.net\/hphotos-ak-snc3\/29930_409677442144_840017144_4032468_3118986_s.jpg\" alt=\"\" \/><\/a><\/dt>\n<dd class='gallery-caption'><\/dd>\n<\/dl>\n<dl class='gallery-item' style=\"width:24.875%\">\n<dt class='gallery-icon'><a class=\"fbPhoto\" href=\"https:\/\/fbcdn-sphotos-a.akamaihd.net\/hphotos-ak-snc3\/29930_409677467144_840017144_4032469_7938645_n.jpg\" title=\"Remember Johanna Dohnal! \" ><img decoding=\"async\" src=\"https:\/\/fbcdn-photos-a.akamaihd.net\/hphotos-ak-snc3\/29930_409677467144_840017144_4032469_7938645_s.jpg\" alt=\"\" \/><\/a><\/dt>\n<dd class='gallery-caption'>Remember Johanna Dohnal!<\/dd>\n<\/dl>\n<p><br style=\"clear: both\" \/><\/p>\n<dl class='gallery-item' style=\"width:24.875%\">\n<dt class='gallery-icon'><a class=\"fbPhoto\" href=\"https:\/\/fbcdn-sphotos-a.akamaihd.net\/hphotos-ak-snc3\/29930_409677502144_840017144_4032470_7622969_n.jpg\" title=\" \" ><img decoding=\"async\" src=\"https:\/\/fbcdn-photos-a.akamaihd.net\/hphotos-ak-snc3\/29930_409677502144_840017144_4032470_7622969_s.jpg\" alt=\"\" \/><\/a><\/dt>\n<dd class='gallery-caption'><\/dd>\n<\/dl>\n<dl class='gallery-item' style=\"width:24.875%\">\n<dt class='gallery-icon'><a class=\"fbPhoto\" href=\"https:\/\/fbcdn-sphotos-a.akamaihd.net\/hphotos-ak-snc3\/29930_409677527144_840017144_4032471_2082386_n.jpg\" title=\"Die Fahnen hoch! \" ><img decoding=\"async\" src=\"https:\/\/fbcdn-photos-a.akamaihd.net\/hphotos-ak-snc3\/29930_409677527144_840017144_4032471_2082386_s.jpg\" alt=\"\" \/><\/a><\/dt>\n<dd class='gallery-caption'>Die Fahnen hoch!<\/dd>\n<\/dl>\n<dl class='gallery-item' style=\"width:24.875%\">\n<dt class='gallery-icon'><a class=\"fbPhoto\" href=\"https:\/\/fbcdn-sphotos-a.akamaihd.net\/hphotos-ak-ash1\/29930_409677557144_840017144_4032472_7704525_n.jpg\" title=\" \" ><img decoding=\"async\" src=\"https:\/\/fbcdn-photos-a.akamaihd.net\/hphotos-ak-ash1\/29930_409677557144_840017144_4032472_7704525_s.jpg\" alt=\"\" \/><\/a><\/dt>\n<dd class='gallery-caption'><\/dd>\n<\/dl>\n<dl class='gallery-item' style=\"width:24.875%\">\n<dt class='gallery-icon'><a class=\"fbPhoto\" href=\"https:\/\/fbcdn-sphotos-a.akamaihd.net\/hphotos-ak-snc3\/29930_409677577144_840017144_4032474_4994181_n.jpg\" title=\"Bullshit! Strache! \" ><img decoding=\"async\" src=\"https:\/\/fbcdn-photos-a.akamaihd.net\/hphotos-ak-snc3\/29930_409677577144_840017144_4032474_4994181_s.jpg\" alt=\"\" \/><\/a><\/dt>\n<dd class='gallery-caption'>Bullshit! Strache!<\/dd>\n<\/dl>\n<p><br style=\"clear: both\" \/><\/p>\n<dl class='gallery-item' style=\"width:24.875%\">\n<dt class='gallery-icon'><a class=\"fbPhoto\" href=\"https:\/\/fbcdn-sphotos-a.akamaihd.net\/hphotos-ak-snc3\/29930_409677602144_840017144_4032476_632725_n.jpg\" title=\" \" ><img decoding=\"async\" src=\"https:\/\/fbcdn-photos-a.akamaihd.net\/hphotos-ak-snc3\/29930_409677602144_840017144_4032476_632725_s.jpg\" alt=\"\" \/><\/a><\/dt>\n<dd class='gallery-caption'><\/dd>\n<\/dl>\n<dl class='gallery-item' style=\"width:24.875%\">\n<dt class='gallery-icon'><a class=\"fbPhoto\" href=\"https:\/\/fbcdn-sphotos-a.akamaihd.net\/hphotos-ak-snc3\/29930_409677627144_840017144_4032477_2955508_n.jpg\" title=\" \" ><img decoding=\"async\" src=\"https:\/\/fbcdn-photos-a.akamaihd.net\/hphotos-ak-snc3\/29930_409677627144_840017144_4032477_2955508_s.jpg\" alt=\"\" \/><\/a><\/dt>\n<dd class='gallery-caption'><\/dd>\n<\/dl>\n<dl class='gallery-item' style=\"width:24.875%\">\n<dt class='gallery-icon'><a class=\"fbPhoto\" href=\"https:\/\/fbcdn-sphotos-a.akamaihd.net\/hphotos-ak-snc3\/29930_409677637144_840017144_4032478_5039322_n.jpg\" title=\" \" ><img decoding=\"async\" src=\"https:\/\/fbcdn-photos-a.akamaihd.net\/hphotos-ak-snc3\/29930_409677637144_840017144_4032478_5039322_s.jpg\" alt=\"\" \/><\/a><\/dt>\n<dd class='gallery-caption'><\/dd>\n<\/dl>\n<dl class='gallery-item' style=\"width:24.875%\">\n<dt class='gallery-icon'><a class=\"fbPhoto\" href=\"https:\/\/fbcdn-sphotos-a.akamaihd.net\/hphotos-ak-ash1\/29930_409677677144_840017144_4032479_1171965_n.jpg\" title=\"Neugierige Blicke der Restauranbesucher auf den Zug \" ><img decoding=\"async\" src=\"https:\/\/fbcdn-photos-a.akamaihd.net\/hphotos-ak-ash1\/29930_409677677144_840017144_4032479_1171965_s.jpg\" alt=\"\" \/><\/a><\/dt>\n<dd class='gallery-caption'>Neugierige Blicke der Restauranbesucher auf den Zug<\/dd>\n<\/dl>\n<p><br style=\"clear: both\" \/><\/p>\n<dl class='gallery-item' style=\"width:24.875%\">\n<dt class='gallery-icon'><a class=\"fbPhoto\" href=\"https:\/\/fbcdn-sphotos-a.akamaihd.net\/hphotos-ak-snc3\/29930_409677697144_840017144_4032480_1947458_n.jpg\" title=\" \" ><img decoding=\"async\" src=\"https:\/\/fbcdn-photos-a.akamaihd.net\/hphotos-ak-snc3\/29930_409677697144_840017144_4032480_1947458_s.jpg\" alt=\"\" \/><\/a><\/dt>\n<dd class='gallery-caption'><\/dd>\n<\/dl>\n<dl class='gallery-item' style=\"width:24.875%\">\n<dt class='gallery-icon'><a class=\"fbPhoto\" href=\"https:\/\/fbcdn-sphotos-a.akamaihd.net\/hphotos-ak-ash1\/29930_409677722144_840017144_4032482_6560183_n.jpg\" title=\" \" ><img decoding=\"async\" src=\"https:\/\/fbcdn-photos-a.akamaihd.net\/hphotos-ak-ash1\/29930_409677722144_840017144_4032482_6560183_s.jpg\" alt=\"\" \/><\/a><\/dt>\n<dd class='gallery-caption'><\/dd>\n<\/dl>\n<dl class='gallery-item' style=\"width:24.875%\">\n<dt class='gallery-icon'><a class=\"fbPhoto\" href=\"https:\/\/fbcdn-sphotos-a.akamaihd.net\/hphotos-ak-snc3\/29930_409677757144_840017144_4032483_5187271_n.jpg\" title=\"Das Ger\u00fcst erklommen \" ><img decoding=\"async\" src=\"https:\/\/fbcdn-photos-a.akamaihd.net\/hphotos-ak-snc3\/29930_409677757144_840017144_4032483_5187271_s.jpg\" alt=\"\" \/><\/a><\/dt>\n<dd class='gallery-caption'>Das Ger\u00fcst erklommen<\/dd>\n<\/dl>\n<dl class='gallery-item' style=\"width:24.875%\">\n<dt class='gallery-icon'><a class=\"fbPhoto\" href=\"https:\/\/fbcdn-sphotos-a.akamaihd.net\/hphotos-ak-ash1\/29930_409677782144_840017144_4032484_1934418_n.jpg\" title=\"Die beiden wollten fotografiert werden.... liebe Gr\u00fcsse an Unbekannt... \" ><img decoding=\"async\" src=\"https:\/\/fbcdn-photos-a.akamaihd.net\/hphotos-ak-ash1\/29930_409677782144_840017144_4032484_1934418_s.jpg\" alt=\"\" \/><\/a><\/dt>\n<dd class='gallery-caption'>Die beiden wollten fotografiert werden&#8230;. liebe Gr\u00fcsse an Unbekannt&#8230;<\/dd>\n<\/dl>\n<p><br style=\"clear: both\" \/><\/p>\n<dl class='gallery-item' style=\"width:24.875%\">\n<dt class='gallery-icon'><a class=\"fbPhoto\" href=\"https:\/\/fbcdn-sphotos-a.akamaihd.net\/hphotos-ak-ash1\/29930_409677797144_840017144_4032485_1346399_n.jpg\" title=\"Und rechts aussen standen... &quot;netten Herren&quot; mit Kurzhaarschnitt und Lonsdale- Jackerl... \" ><img decoding=\"async\" src=\"https:\/\/fbcdn-photos-a.akamaihd.net\/hphotos-ak-ash1\/29930_409677797144_840017144_4032485_1346399_s.jpg\" alt=\"\" \/><\/a><\/dt>\n<dd class='gallery-caption'>Und rechts aussen standen&#8230; &#8222;netten Herren&#8220; mit Kurzhaarschnitt und Lonsdale- Jacker&#8230;<\/dd>\n<\/dl>\n<dl class='gallery-item' style=\"width:24.875%\">\n<dt class='gallery-icon'><a class=\"fbPhoto\" href=\"https:\/\/fbcdn-sphotos-a.akamaihd.net\/hphotos-ak-snc3\/29930_409677837144_840017144_4032486_4406890_n.jpg\" title=\"Fackelzug erreicht den Rathhausplatz \" ><img decoding=\"async\" src=\"https:\/\/fbcdn-photos-a.akamaihd.net\/hphotos-ak-snc3\/29930_409677837144_840017144_4032486_4406890_s.jpg\" alt=\"\" \/><\/a><\/dt>\n<dd class='gallery-caption'>Fackelzug erreicht den Rathhausplatz<\/dd>\n<\/dl>\n<dl class='gallery-item' style=\"width:24.875%\">\n<dt class='gallery-icon'><a class=\"fbPhoto\" href=\"https:\/\/fbcdn-sphotos-a.akamaihd.net\/hphotos-ak-snc3\/29930_409677872144_840017144_4032487_1899728_n.jpg\" title=\"fleissige Demosntrierer ;o) \" ><img decoding=\"async\" src=\"https:\/\/fbcdn-photos-a.akamaihd.net\/hphotos-ak-snc3\/29930_409677872144_840017144_4032487_1899728_s.jpg\" alt=\"\" \/><\/a><\/dt>\n<dd class='gallery-caption'>fleissige Demosntrierer ;o)<\/dd>\n<\/dl>\n<dl class='gallery-item' style=\"width:24.875%\">\n<dt class='gallery-icon'><a class=\"fbPhoto\" href=\"https:\/\/fbcdn-sphotos-a.akamaihd.net\/hphotos-ak-snc3\/29930_409677892144_840017144_4032488_7798415_n.jpg\" title=\"...inklusive wohlverdiente Laabung \" ><img decoding=\"async\" src=\"https:\/\/fbcdn-photos-a.akamaihd.net\/hphotos-ak-snc3\/29930_409677892144_840017144_4032488_7798415_s.jpg\" alt=\"\" \/><\/a><\/dt>\n<dd class='gallery-caption'>&#8230;inklusive wohlverdiente Laabung<\/dd>\n<\/dl>\n<p><br style=\"clear: both\" \/><\/p>\n<dl class='gallery-item' style=\"width:24.875%\">\n<dt class='gallery-icon'><a class=\"fbPhoto\" href=\"https:\/\/fbcdn-sphotos-a.akamaihd.net\/hphotos-ak-snc3\/29930_409677917144_840017144_4032489_2818789_n.jpg\" title=\"Und zum Ponte-Gabry kamen dann noch einige, die vorher NICHT dabei waren... \" ><img decoding=\"async\" src=\"https:\/\/fbcdn-photos-a.akamaihd.net\/hphotos-ak-snc3\/29930_409677917144_840017144_4032489_2818789_s.jpg\" alt=\"\" \/><\/a><\/dt>\n<dd class='gallery-caption'>Und zum Ponte-Gabry kamen dann noch einige, die vorher NICHT dabei waren&#8230;<\/dd>\n<\/dl>\n<p><br style=\"clear: both\" \/><\/p>\n<\/div>\n<p><span class=\"fpfcredit\">Generated by <i>Facebook Photo Fetcher<\/i><\/span><br \/>\n<script type=\"text\/javascript\">\n            jQuery(document).ready(function(){ jQuery(function(){ \n                jQuery(\".gallery-icon a\").lightBox({\n                    imageBlank:\"http:\/\/www.crazybird.net\/wp-content\/plugins\/facebook-photo-fetcher\/jquery-lightbox\/images\/lightbox-blank.gif\",\n                    imageBtnClose:\"http:\/\/www.crazybird.net\/wp-content\/plugins\/facebook-photo-fetcher\/jquery-lightbox\/images\/lightbox-btn-close.gif\",\n                    imageBtnNext:\"http:\/\/www.crazybird.net\/wp-content\/plugins\/facebook-photo-fetcher\/jquery-lightbox\/images\/lightbox-btn-next.gif\",\n                    imageBtnPrev:\"http:\/\/www.crazybird.net\/wp-content\/plugins\/facebook-photo-fetcher\/jquery-lightbox\/images\/lightbox-btn-prev.gif\",\n                    imageLoading:\"http:\/\/www.crazybird.net\/wp-content\/plugins\/facebook-photo-fetcher\/jquery-lightbox\/images\/lightbox-ico-loading.gif\"\n                }); }); });\n<\/script><br \/>\n<!-- End Album 3607846161559499303 --><br \/>\n<!--\/FBGallery--><\/p>\n","protected":false},"excerpt":{"rendered":"<p>&#8222;The traditional &#8222;Fackelzug&#8220; (torchlight procession) of the Vienniese Socialist Youth in 2010&#8243; From Fackelzug 2010, posted by Stefan Mackovik on 5\/04\/2010 (33 items) Umverteilung jetzt! Die reichen m\u00fcssen endlich blechen &#8211; die SP\u00d6 Linke war auch da&#8230;. Demo- Grundusstattung: Fackel und Bier \ud83d\ude09 Romantisch \ud83d\ude09 fackelzug2010-6 fackelzug2010-7 Am Brunnen vor der Oooper&#8230;. fackelzug2010-11 Der Hai [&hellip;]<\/p>\n","protected":false},"author":1,"featured_media":0,"parent":0,"menu_order":0,"comment_status":"open","ping_status":"open","template":"","meta":{"footnotes":""},"class_list":["post-478","page","type-page","status-publish","hentry"],"_links":{"self":[{"href":"https:\/\/www.crazybird.net\/index.php?rest_route=\/wp\/v2\/pages\/478","targetHints":{"allow":["GET"]}}],"collection":[{"href":"https:\/\/www.crazybird.net\/index.php?rest_route=\/wp\/v2\/pages"}],"about":[{"href":"https:\/\/www.crazybird.net\/index.php?rest_route=\/wp\/v2\/types\/page"}],"author":[{"embeddable":true,"href":"https:\/\/www.crazybird.net\/index.php?rest_route=\/wp\/v2\/users\/1"}],"replies":[{"embeddable":true,"href":"https:\/\/www.crazybird.net\/index.php?rest_route=%2Fwp%2Fv2%2Fcomments&post=478"}],"version-history":[{"count":0,"href":"https:\/\/www.crazybird.net\/index.php?rest_route=\/wp\/v2\/pages\/478\/revisions"}],"wp:attachment":[{"href":"https:\/\/www.crazybird.net\/index.php?rest_route=%2Fwp%2Fv2%2Fmedia&parent=478"}],"curies":[{"name":"wp","href":"https:\/\/api.w.org\/{rel}","templated":true}]}}