{"id":20,"date":"2009-06-02T23:29:27","date_gmt":"2009-06-02T21:29:27","guid":{"rendered":"http:\/\/blog.crazybird.net\/?page_id=20"},"modified":"2009-06-02T23:29:27","modified_gmt":"2009-06-02T21:29:27","slug":"impressum","status":"publish","type":"page","link":"https:\/\/www.crazybird.net\/?page_id=20","title":{"rendered":"Impressum"},"content":{"rendered":"<p>Dies ist der private Blog von <strong>Stefan Mackovik<\/strong>.<\/p>\n<p>Die hier ver\u00f6ffentlichten Texte spiegeln, wenn nicht anders angegeben die Anschauungen des Verfassers wieder.<br \/>\nDer Blog dient in erster Linie der Meinungs\u00e4u\u00dferung des Autors zu aktuellen Themen aus den Bereichen Politik und Gesellschaft.<\/p>\n<p>F\u00fcr etwaige Anfragen kontaktieren Sie bitte stefan&lt;at&gt;mackovik.info<\/p>\n","protected":false},"excerpt":{"rendered":"<p>Dies ist der private Blog von Stefan Mackovik. Die hier ver\u00f6ffentlichten Texte spiegeln, wenn nicht anders angegeben die Anschauungen des Verfassers wieder. Der Blog dient in erster Linie der Meinungs\u00e4u\u00dferung des Autors zu aktuellen Themen aus den Bereichen Politik und Gesellschaft. F\u00fcr etwaige Anfragen kontaktieren Sie bitte stefan&lt;at&gt;mackovik.info<\/p>\n","protected":false},"author":1,"featured_media":0,"parent":0,"menu_order":0,"comment_status":"closed","ping_status":"open","template":"","meta":{"footnotes":""},"class_list":["post-20","page","type-page","status-publish","hentry"],"_links":{"self":[{"href":"https:\/\/www.crazybird.net\/index.php?rest_route=\/wp\/v2\/pages\/20","targetHints":{"allow":["GET"]}}],"collection":[{"href":"https:\/\/www.crazybird.net\/index.php?rest_route=\/wp\/v2\/pages"}],"about":[{"href":"https:\/\/www.crazybird.net\/index.php?rest_route=\/wp\/v2\/types\/page"}],"author":[{"embeddable":true,"href":"https:\/\/www.crazybird.net\/index.php?rest_route=\/wp\/v2\/users\/1"}],"replies":[{"embeddable":true,"href":"https:\/\/www.crazybird.net\/index.php?rest_route=%2Fwp%2Fv2%2Fcomments&post=20"}],"version-history":[{"count":0,"href":"https:\/\/www.crazybird.net\/index.php?rest_route=\/wp\/v2\/pages\/20\/revisions"}],"wp:attachment":[{"href":"https:\/\/www.crazybird.net\/index.php?rest_route=%2Fwp%2Fv2%2Fmedia&parent=20"}],"curies":[{"name":"wp","href":"https:\/\/api.w.org\/{rel}","templated":true}]}}