{"id":1108,"date":"2013-03-23T23:18:49","date_gmt":"2013-03-23T22:18:49","guid":{"rendered":"http:\/\/www.crazybird.net\/?page_id=1108"},"modified":"2013-03-23T23:18:49","modified_gmt":"2013-03-23T22:18:49","slug":"photographie","status":"publish","type":"page","link":"https:\/\/www.crazybird.net\/?page_id=1108","title":{"rendered":"Photographie"},"content":{"rendered":"<p>Photographie ist ein sch\u00f6nes Hobby, dem ich ich hin und wieder gerne nachgehe. Bewusstes &#8222;Photographieren gehen&#8220; hei\u00dft: die Welt mit anderen Augen sehen, Dinge erkennen, die man normalerweise ignoriert oder schlicht nicht sieht.<\/p>\n<p>F\u00fcr mich sind Fotos au\u00dferdem die sch\u00f6nste Form der Erinnerung an tolle Orte, sch\u00f6ne Urlaube oder nette Ereignisse.<\/p>\n<p>Auf dieser Seite sind einige Beispiele zu finden, mehr Fotos von mir gibt&#8217;s au\u00dferdem hier:<\/p>\n<ul>\n<li><a href=\"https:\/\/www.facebook.com\/TheRealCrazyBird\/photos_albums\">Facebook<\/a><\/li>\n<li><a href=\"https:\/\/www.instagram.com\/realcrazybird\/\">Instagram<\/a><\/li>\n<li><a href=\"http:\/\/www.flickr.com\/photos\/realcrazybird\/\">Flickr<\/a><\/li>\n<\/ul>\n\n\n","protected":false},"excerpt":{"rendered":"<p>Photographie ist ein sch\u00f6nes Hobby, dem ich ich hin und wieder gerne nachgehe. Bewusstes &#8222;Photographieren gehen&#8220; hei\u00dft: die Welt mit anderen Augen sehen, Dinge erkennen, die man normalerweise ignoriert oder schlicht nicht sieht. F\u00fcr mich sind Fotos au\u00dferdem die sch\u00f6nste Form der Erinnerung an tolle Orte, sch\u00f6ne Urlaube oder nette Ereignisse. Auf dieser Seite sind [&hellip;]<\/p>\n","protected":false},"author":1,"featured_media":0,"parent":0,"menu_order":2,"comment_status":"open","ping_status":"closed","template":"","meta":{"footnotes":""},"class_list":["post-1108","page","type-page","status-publish","hentry"],"_links":{"self":[{"href":"https:\/\/www.crazybird.net\/index.php?rest_route=\/wp\/v2\/pages\/1108","targetHints":{"allow":["GET"]}}],"collection":[{"href":"https:\/\/www.crazybird.net\/index.php?rest_route=\/wp\/v2\/pages"}],"about":[{"href":"https:\/\/www.crazybird.net\/index.php?rest_route=\/wp\/v2\/types\/page"}],"author":[{"embeddable":true,"href":"https:\/\/www.crazybird.net\/index.php?rest_route=\/wp\/v2\/users\/1"}],"replies":[{"embeddable":true,"href":"https:\/\/www.crazybird.net\/index.php?rest_route=%2Fwp%2Fv2%2Fcomments&post=1108"}],"version-history":[{"count":0,"href":"https:\/\/www.crazybird.net\/index.php?rest_route=\/wp\/v2\/pages\/1108\/revisions"}],"wp:attachment":[{"href":"https:\/\/www.crazybird.net\/index.php?rest_route=%2Fwp%2Fv2%2Fmedia&parent=1108"}],"curies":[{"name":"wp","href":"https:\/\/api.w.org\/{rel}","templated":true}]}}